{"id":2646,"date":"2025-12-19T18:12:29","date_gmt":"2025-12-19T17:12:29","guid":{"rendered":"https:\/\/bocusedoritalyacademy.it\/?page_id=2646"},"modified":"2025-12-29T15:58:04","modified_gmt":"2025-12-29T14:58:04","slug":"news-ed-eventi","status":"publish","type":"page","link":"https:\/\/bocusedoritalyacademy.it\/?page_id=2646","title":{"rendered":"news ed eventi"},"content":{"rendered":"\t\t<div data-elementor-type=\"wp-page\" data-elementor-id=\"2646\" class=\"elementor elementor-2646\" data-elementor-post-type=\"page\">\n\t\t\t\t<div class=\"elementor-element elementor-element-62e4bfb0 e-flex e-con-boxed lakit-col-width-auto-no e-container e-root-container elementor-top-section e-con e-parent\" data-id=\"62e4bfb0\" data-element_type=\"container\" data-e-type=\"container\" data-settings=\"{&quot;background_background&quot;:&quot;classic&quot;}\">\n\t\t\t\t\t<div class=\"e-con-inner\">\n\t\t\t\t<div class=\"elementor-element elementor-element-24ee23a elementor-widget elementor-widget-heading\" data-id=\"24ee23a\" data-element_type=\"widget\" data-e-type=\"widget\" data-widget_type=\"heading.default\">\n\t\t\t\t\t<h2 class=\"elementor-heading-title elementor-size-default\">news ed eventi<\/h2>\t\t\t\t<\/div>\n\t\t\t\t<div class=\"elementor-element elementor-element-67ad147 elementor-grid-2 elementor-grid-tablet-2 elementor-grid-mobile-1 elementor-posts--thumbnail-top elementor-card-shadow-yes elementor-posts__hover-gradient elementor-widget elementor-widget-posts\" data-id=\"67ad147\" data-element_type=\"widget\" data-e-type=\"widget\" data-settings=\"{&quot;cards_columns&quot;:&quot;2&quot;,&quot;pagination_type&quot;:&quot;numbers_and_prev_next&quot;,&quot;cards_columns_tablet&quot;:&quot;2&quot;,&quot;cards_columns_mobile&quot;:&quot;1&quot;,&quot;cards_row_gap&quot;:{&quot;unit&quot;:&quot;px&quot;,&quot;size&quot;:35,&quot;sizes&quot;:[]},&quot;cards_row_gap_laptop&quot;:{&quot;unit&quot;:&quot;px&quot;,&quot;size&quot;:&quot;&quot;,&quot;sizes&quot;:[]},&quot;cards_row_gap_tablet&quot;:{&quot;unit&quot;:&quot;px&quot;,&quot;size&quot;:&quot;&quot;,&quot;sizes&quot;:[]},&quot;cards_row_gap_mobile_extra&quot;:{&quot;unit&quot;:&quot;px&quot;,&quot;size&quot;:&quot;&quot;,&quot;sizes&quot;:[]},&quot;cards_row_gap_mobile&quot;:{&quot;unit&quot;:&quot;px&quot;,&quot;size&quot;:&quot;&quot;,&quot;sizes&quot;:[]}}\" data-widget_type=\"posts.cards\">\n\t\t\t\t<div class=\"elementor-widget-container\">\n\t\t\t\t\t\t\t<div class=\"elementor-posts-container elementor-posts elementor-posts--skin-cards elementor-grid\" role=\"list\">\n\t\t\t\t<article class=\"elementor-post elementor-grid-item post-270 post type-post status-publish format-standard has-post-thumbnail hentry category-senza-categoria\" role=\"listitem\">\n\t\t\t<div class=\"elementor-post__card\">\n\t\t\t\t<a class=\"elementor-post__thumbnail__link\" href=\"https:\/\/bocusedoritalyacademy.it\/?p=270\" tabindex=\"-1\" target=\"_blank\"><div class=\"elementor-post__thumbnail\"><img fetchpriority=\"high\" decoding=\"async\" width=\"1920\" height=\"1280\" src=\"https:\/\/bocusedoritalyacademy.it\/wp-content\/uploads\/2025\/12\/FIC_BocusedOr-20251201-1350_A715724.JPG\" class=\"attachment-full size-full wp-image-266\" alt=\"FIC BocusedOr 20251201 1350 A715724\" srcset=\"https:\/\/bocusedoritalyacademy.it\/wp-content\/uploads\/2025\/12\/FIC_BocusedOr-20251201-1350_A715724.JPG 1920w, https:\/\/bocusedoritalyacademy.it\/wp-content\/uploads\/2025\/12\/FIC_BocusedOr-20251201-1350_A715724-300x200.jpg 300w, https:\/\/bocusedoritalyacademy.it\/wp-content\/uploads\/2025\/12\/FIC_BocusedOr-20251201-1350_A715724-1024x683.jpg 1024w, https:\/\/bocusedoritalyacademy.it\/wp-content\/uploads\/2025\/12\/FIC_BocusedOr-20251201-1350_A715724-768x512.jpg 768w, https:\/\/bocusedoritalyacademy.it\/wp-content\/uploads\/2025\/12\/FIC_BocusedOr-20251201-1350_A715724-1536x1024.jpg 1536w\" sizes=\"(max-width: 1920px) 100vw, 1920px\" \/><\/div><\/a>\n\t\t\t\t<div class=\"elementor-post__text\">\n\t\t\t\t<h3 class=\"elementor-post__title\">\n\t\t\t<a href=\"https:\/\/bocusedoritalyacademy.it\/?p=270\" target=&quot;_blank&quot;>\n\t\t\t\tPresentato il \u201cTeam Italia Bocuse d\u2019Or\u201d in vista della finale europea\t\t\t<\/a>\n\t\t<\/h3>\n\t\t\t\t<div class=\"elementor-post__excerpt\">\n\t\t\t<p>Presentato il \u201cTeam Italia Bocuse d\u2019Or\u201d&nbsp;in vista della finale europea di marzo \u201826 MILANO \u2013 Con una conferenza stampa molto seguita e ricca di ospiti ed interventi, nella Sala Mengoni del Ristorante Cracco, a Milano, \u00e8 stato presentato ufficialmente, luned\u00ec 1\u00b0 dicembre, il Team Italia che sta gareggiando nella nuova edizione<\/p>\n\t\t<\/div>\n\t\t\t\t\t<div class=\"elementor-post__read-more-wrapper\">\n\t\t\n\t\t<a class=\"elementor-post__read-more\" href=\"https:\/\/bocusedoritalyacademy.it\/?p=270\" aria-label=\"Read more about Presentato il \u201cTeam Italia Bocuse d\u2019Or\u201d in vista della finale europea\" tabindex=\"-1\" target=\"_blank\">\n\t\t\tcontinua ...\t\t<\/a>\n\n\t\t\t\t\t<\/div>\n\t\t\t\t<\/div>\n\t\t\t\t<div class=\"elementor-post__meta-data\">\n\t\t\t\t\t<span class=\"elementor-post-date\">\n\t\t\t2 December 2025\t\t<\/span>\n\t\t\t\t<span class=\"elementor-post-avatar\">\n\t\t\tNo Comments\t\t<\/span>\n\t\t\t\t<\/div>\n\t\t\t\t\t<\/div>\n\t\t<\/article>\n\t\t\t\t<article class=\"elementor-post elementor-grid-item post-264 post type-post status-publish format-standard hentry category-senza-categoria\" role=\"listitem\">\n\t\t\t<div class=\"elementor-post__card\">\n\t\t\t\t<div class=\"elementor-post__text\">\n\t\t\t\t<h3 class=\"elementor-post__title\">\n\t\t\t<a href=\"https:\/\/bocusedoritalyacademy.it\/?p=264\" target=&quot;_blank&quot;>\n\t\t\t\tConf. stampa presentazione del Team Italia BdO\t\t\t<\/a>\n\t\t<\/h3>\n\t\t\t\t<div class=\"elementor-post__excerpt\">\n\t\t\t<p>Conferenza Stampa di Presentazione del Team Italia \u2013 Finale Europea Bocuse d\u2019Or 2026 Si terr\u00e0 il 1\u00b0 dicembre 2025, dalle 10.30 alle 14.00, la conferenza stampa ufficiale di presentazione del Team Italia che rappresenter\u00e0 il nostro Paese alla finale europea del Bocuse d\u2019Or 2026, uno dei pi\u00f9 prestigiosi e riconosciuti concorsi<\/p>\n\t\t<\/div>\n\t\t\t\t\t<div class=\"elementor-post__read-more-wrapper\">\n\t\t\n\t\t<a class=\"elementor-post__read-more\" href=\"https:\/\/bocusedoritalyacademy.it\/?p=264\" aria-label=\"Read more about Conf. stampa presentazione del Team Italia BdO\" tabindex=\"-1\" target=\"_blank\">\n\t\t\tcontinua ...\t\t<\/a>\n\n\t\t\t\t\t<\/div>\n\t\t\t\t<\/div>\n\t\t\t\t<div class=\"elementor-post__meta-data\">\n\t\t\t\t\t<span class=\"elementor-post-date\">\n\t\t\t27 November 2025\t\t<\/span>\n\t\t\t\t<span class=\"elementor-post-avatar\">\n\t\t\tNo Comments\t\t<\/span>\n\t\t\t\t<\/div>\n\t\t\t\t\t<\/div>\n\t\t<\/article>\n\t\t\t\t<article class=\"elementor-post elementor-grid-item post-262 post type-post status-publish format-standard has-post-thumbnail hentry category-senza-categoria\" role=\"listitem\">\n\t\t\t<div class=\"elementor-post__card\">\n\t\t\t\t<a class=\"elementor-post__thumbnail__link\" href=\"https:\/\/bocusedoritalyacademy.it\/?p=262\" tabindex=\"-1\" target=\"_blank\"><div class=\"elementor-post__thumbnail\"><img decoding=\"async\" width=\"2560\" height=\"1707\" src=\"https:\/\/bocusedoritalyacademy.it\/wp-content\/uploads\/2025\/11\/A9M4984-scaled.jpg\" class=\"attachment-full size-full wp-image-260\" alt=\"A9M4984\" srcset=\"https:\/\/bocusedoritalyacademy.it\/wp-content\/uploads\/2025\/11\/A9M4984-scaled.jpg 2560w, https:\/\/bocusedoritalyacademy.it\/wp-content\/uploads\/2025\/11\/A9M4984-300x200.jpg 300w, https:\/\/bocusedoritalyacademy.it\/wp-content\/uploads\/2025\/11\/A9M4984-1024x683.jpg 1024w, https:\/\/bocusedoritalyacademy.it\/wp-content\/uploads\/2025\/11\/A9M4984-768x512.jpg 768w, https:\/\/bocusedoritalyacademy.it\/wp-content\/uploads\/2025\/11\/A9M4984-1536x1024.jpg 1536w, https:\/\/bocusedoritalyacademy.it\/wp-content\/uploads\/2025\/11\/A9M4984-2048x1365.jpg 2048w\" sizes=\"(max-width: 2560px) 100vw, 2560px\" \/><\/div><\/a>\n\t\t\t\t<div class=\"elementor-post__text\">\n\t\t\t\t<h3 class=\"elementor-post__title\">\n\t\t\t<a href=\"https:\/\/bocusedoritalyacademy.it\/?p=262\" target=&quot;_blank&quot;>\n\t\t\t\tLurisia Premium Beverages\t\t\t<\/a>\n\t\t<\/h3>\n\t\t\t\t<div class=\"elementor-post__excerpt\">\n\t\t\t<p>Lurisia Premium Beverages, fondata nel 1940, \u00e8 un autentico brand italiano con una forte tradizione e con origini ben radicate. All\u2019interno del suo portafoglio prodotti offre acque oligominerali premium, naturali e frizzanti, provenienti da fonti situate nelle Alpiitaliane, imbottigliate nello stabilimento di Roccaforte Mondov\u00ec (CN) e bevande ispirate ad autentiche ricette<\/p>\n\t\t<\/div>\n\t\t\t\t\t<div class=\"elementor-post__read-more-wrapper\">\n\t\t\n\t\t<a class=\"elementor-post__read-more\" href=\"https:\/\/bocusedoritalyacademy.it\/?p=262\" aria-label=\"Read more about Lurisia Premium Beverages\" tabindex=\"-1\" target=\"_blank\">\n\t\t\tcontinua ...\t\t<\/a>\n\n\t\t\t\t\t<\/div>\n\t\t\t\t<\/div>\n\t\t\t\t<div class=\"elementor-post__meta-data\">\n\t\t\t\t\t<span class=\"elementor-post-date\">\n\t\t\t20 November 2025\t\t<\/span>\n\t\t\t\t<span class=\"elementor-post-avatar\">\n\t\t\tNo Comments\t\t<\/span>\n\t\t\t\t<\/div>\n\t\t\t\t\t<\/div>\n\t\t<\/article>\n\t\t\t\t<article class=\"elementor-post elementor-grid-item post-258 post type-post status-publish format-standard has-post-thumbnail hentry category-senza-categoria\" role=\"listitem\">\n\t\t\t<div class=\"elementor-post__card\">\n\t\t\t\t<a class=\"elementor-post__thumbnail__link\" href=\"https:\/\/bocusedoritalyacademy.it\/?p=258\" tabindex=\"-1\" target=\"_blank\"><div class=\"elementor-post__thumbnail\"><img decoding=\"async\" width=\"2000\" height=\"1334\" src=\"https:\/\/bocusedoritalyacademy.it\/wp-content\/uploads\/2025\/11\/5L0A9488.jpg\" class=\"attachment-full size-full wp-image-256\" alt=\"5L0A9488\" srcset=\"https:\/\/bocusedoritalyacademy.it\/wp-content\/uploads\/2025\/11\/5L0A9488.jpg 2000w, https:\/\/bocusedoritalyacademy.it\/wp-content\/uploads\/2025\/11\/5L0A9488-300x200.jpg 300w, https:\/\/bocusedoritalyacademy.it\/wp-content\/uploads\/2025\/11\/5L0A9488-1024x683.jpg 1024w, https:\/\/bocusedoritalyacademy.it\/wp-content\/uploads\/2025\/11\/5L0A9488-768x512.jpg 768w, https:\/\/bocusedoritalyacademy.it\/wp-content\/uploads\/2025\/11\/5L0A9488-1536x1025.jpg 1536w\" sizes=\"(max-width: 2000px) 100vw, 2000px\" \/><\/div><\/a>\n\t\t\t\t<div class=\"elementor-post__text\">\n\t\t\t\t<h3 class=\"elementor-post__title\">\n\t\t\t<a href=\"https:\/\/bocusedoritalyacademy.it\/?p=258\" target=&quot;_blank&quot;>\n\t\t\t\tCorporate Meeting Federcuochi\t\t\t<\/a>\n\t\t<\/h3>\n\t\t\t\t<div class=\"elementor-post__excerpt\">\n\t\t\t<p>Corporate Meeting FIC con le aziende partner Programmati eventi fieristici e attivit\u00e0 nel 2026 ROMA \u2013 Nei saloni storici di Palazzo Brancaccio, nel cuore di Roma, luned\u00ec 17 novembre si \u00e8 svolto il Corporate Meeting della Federazione Italiana Cuochi, consueto appuntamento annuale organizzato da FIC Promotion con le aziende partner. Significativo<\/p>\n\t\t<\/div>\n\t\t\t\t\t<div class=\"elementor-post__read-more-wrapper\">\n\t\t\n\t\t<a class=\"elementor-post__read-more\" href=\"https:\/\/bocusedoritalyacademy.it\/?p=258\" aria-label=\"Read more about Corporate Meeting Federcuochi\" tabindex=\"-1\" target=\"_blank\">\n\t\t\tcontinua ...\t\t<\/a>\n\n\t\t\t\t\t<\/div>\n\t\t\t\t<\/div>\n\t\t\t\t<div class=\"elementor-post__meta-data\">\n\t\t\t\t\t<span class=\"elementor-post-date\">\n\t\t\t19 November 2025\t\t<\/span>\n\t\t\t\t<span class=\"elementor-post-avatar\">\n\t\t\tNo Comments\t\t<\/span>\n\t\t\t\t<\/div>\n\t\t\t\t\t<\/div>\n\t\t<\/article>\n\t\t\t\t<article class=\"elementor-post elementor-grid-item post-254 post type-post status-publish format-standard hentry category-senza-categoria\" role=\"listitem\">\n\t\t\t<div class=\"elementor-post__card\">\n\t\t\t\t<div class=\"elementor-post__text\">\n\t\t\t\t<h3 class=\"elementor-post__title\">\n\t\t\t<a href=\"https:\/\/bocusedoritalyacademy.it\/?p=254\" target=&quot;_blank&quot;>\n\t\t\t\tBugatti e l&#8217;Arte della Mise en Place\t\t\t<\/a>\n\t\t<\/h3>\n\t\t\t\t<div class=\"elementor-post__excerpt\">\n\t\t\t<p>Nel mondo della ristorazione d&#8217;eccellenza, sappiamo che ogni dettaglio conta. Non solo la preparazione, ma anche l&#8217;esperienza sensoriale completa offerta all&#8217;ospite. \u00c8 qui che l&#8217;eccellenza del design Bugatti si unisce alla vostra maestria.<\/p>\n\t\t<\/div>\n\t\t\t\t\t<div class=\"elementor-post__read-more-wrapper\">\n\t\t\n\t\t<a class=\"elementor-post__read-more\" href=\"https:\/\/bocusedoritalyacademy.it\/?p=254\" aria-label=\"Read more about Bugatti e l&#8217;Arte della Mise en Place\" tabindex=\"-1\" target=\"_blank\">\n\t\t\tcontinua ...\t\t<\/a>\n\n\t\t\t\t\t<\/div>\n\t\t\t\t<\/div>\n\t\t\t\t<div class=\"elementor-post__meta-data\">\n\t\t\t\t\t<span class=\"elementor-post-date\">\n\t\t\t11 November 2025\t\t<\/span>\n\t\t\t\t<span class=\"elementor-post-avatar\">\n\t\t\tNo Comments\t\t<\/span>\n\t\t\t\t<\/div>\n\t\t\t\t\t<\/div>\n\t\t<\/article>\n\t\t\t\t<article class=\"elementor-post elementor-grid-item post-252 post type-post status-publish format-standard hentry category-senza-categoria\" role=\"listitem\">\n\t\t\t<div class=\"elementor-post__card\">\n\t\t\t\t<div class=\"elementor-post__text\">\n\t\t\t\t<h3 class=\"elementor-post__title\">\n\t\t\t<a href=\"https:\/\/bocusedoritalyacademy.it\/?p=252\" target=&quot;_blank&quot;>\n\t\t\t\tAd HostMilano un momento speciale con il Team Italia\t\t\t<\/a>\n\t\t<\/h3>\n\t\t\t\t<div class=\"elementor-post__excerpt\">\n\t\t\t<p>Un incontro ricco di passione, visione e spirito di squadra, che ha visto protagonisti non solo i nostri straordinari chef, ma anche aziende partner e sostenitori che credono nel valore della cucina italiana d&#8217;eccellenza.<\/p>\n\t\t<\/div>\n\t\t\t\t\t<div class=\"elementor-post__read-more-wrapper\">\n\t\t\n\t\t<a class=\"elementor-post__read-more\" href=\"https:\/\/bocusedoritalyacademy.it\/?p=252\" aria-label=\"Read more about Ad HostMilano un momento speciale con il Team Italia\" tabindex=\"-1\" target=\"_blank\">\n\t\t\tcontinua ...\t\t<\/a>\n\n\t\t\t\t\t<\/div>\n\t\t\t\t<\/div>\n\t\t\t\t<div class=\"elementor-post__meta-data\">\n\t\t\t\t\t<span class=\"elementor-post-date\">\n\t\t\t23 October 2025\t\t<\/span>\n\t\t\t\t<span class=\"elementor-post-avatar\">\n\t\t\tNo Comments\t\t<\/span>\n\t\t\t\t<\/div>\n\t\t\t\t\t<\/div>\n\t\t<\/article>\n\t\t\t\t<article class=\"elementor-post elementor-grid-item post-250 post type-post status-publish format-standard hentry category-senza-categoria\" role=\"listitem\">\n\t\t\t<div class=\"elementor-post__card\">\n\t\t\t\t<div class=\"elementor-post__text\">\n\t\t\t\t<h3 class=\"elementor-post__title\">\n\t\t\t<a href=\"https:\/\/bocusedoritalyacademy.it\/?p=250\" target=&quot;_blank&quot;>\n\t\t\t\tCarlo Cracco ad Host Milano 2025\t\t\t<\/a>\n\t\t<\/h3>\n\t\t\t\t<div class=\"elementor-post__excerpt\">\n\t\t\t<p>Incontro speciale a HostMilano!<\/p>\n\t\t<\/div>\n\t\t\t\t\t<div class=\"elementor-post__read-more-wrapper\">\n\t\t\n\t\t<a class=\"elementor-post__read-more\" href=\"https:\/\/bocusedoritalyacademy.it\/?p=250\" aria-label=\"Read more about Carlo Cracco ad Host Milano 2025\" tabindex=\"-1\" target=\"_blank\">\n\t\t\tcontinua ...\t\t<\/a>\n\n\t\t\t\t\t<\/div>\n\t\t\t\t<\/div>\n\t\t\t\t<div class=\"elementor-post__meta-data\">\n\t\t\t\t\t<span class=\"elementor-post-date\">\n\t\t\t22 October 2025\t\t<\/span>\n\t\t\t\t<span class=\"elementor-post-avatar\">\n\t\t\tNo Comments\t\t<\/span>\n\t\t\t\t<\/div>\n\t\t\t\t\t<\/div>\n\t\t<\/article>\n\t\t\t\t<article class=\"elementor-post elementor-grid-item post-248 post type-post status-publish format-standard hentry category-senza-categoria\" role=\"listitem\">\n\t\t\t<div class=\"elementor-post__card\">\n\t\t\t\t<div class=\"elementor-post__text\">\n\t\t\t\t<h3 class=\"elementor-post__title\">\n\t\t\t<a href=\"https:\/\/bocusedoritalyacademy.it\/?p=248\" target=&quot;_blank&quot;>\n\t\t\t\tIl team Italia ad Host Milano 2025\t\t\t<\/a>\n\t\t<\/h3>\n\t\t\t\t<div class=\"elementor-post__excerpt\">\n\t\t\t<p>Un\u2019occasione unica per conoscere da vicino la squadra che rappresenter\u00e0 l\u2019Italia nel pi\u00f9 prestigioso concorso di alta cucina al mondo: il Bocuse d\u2019Or.<\/p>\n\t\t<\/div>\n\t\t\t\t\t<div class=\"elementor-post__read-more-wrapper\">\n\t\t\n\t\t<a class=\"elementor-post__read-more\" href=\"https:\/\/bocusedoritalyacademy.it\/?p=248\" aria-label=\"Read more about Il team Italia ad Host Milano 2025\" tabindex=\"-1\" target=\"_blank\">\n\t\t\tcontinua ...\t\t<\/a>\n\n\t\t\t\t\t<\/div>\n\t\t\t\t<\/div>\n\t\t\t\t<div class=\"elementor-post__meta-data\">\n\t\t\t\t\t<span class=\"elementor-post-date\">\n\t\t\t2 October 2025\t\t<\/span>\n\t\t\t\t<span class=\"elementor-post-avatar\">\n\t\t\tNo Comments\t\t<\/span>\n\t\t\t\t<\/div>\n\t\t\t\t\t<\/div>\n\t\t<\/article>\n\t\t\t\t<article class=\"elementor-post elementor-grid-item post-246 post type-post status-publish format-standard has-post-thumbnail hentry category-senza-categoria\" role=\"listitem\">\n\t\t\t<div class=\"elementor-post__card\">\n\t\t\t\t<a class=\"elementor-post__thumbnail__link\" href=\"https:\/\/bocusedoritalyacademy.it\/?p=246\" tabindex=\"-1\" target=\"_blank\"><div class=\"elementor-post__thumbnail\"><img loading=\"lazy\" decoding=\"async\" width=\"1200\" height=\"800\" src=\"https:\/\/bocusedoritalyacademy.it\/wp-content\/uploads\/2025\/09\/BOC_2025_-_NicolasReynaud-01918.jpg\" class=\"attachment-full size-full wp-image-244\" alt=\"BOC 2025 NicolasReynaud 01918\" srcset=\"https:\/\/bocusedoritalyacademy.it\/wp-content\/uploads\/2025\/09\/BOC_2025_-_NicolasReynaud-01918.jpg 1200w, https:\/\/bocusedoritalyacademy.it\/wp-content\/uploads\/2025\/09\/BOC_2025_-_NicolasReynaud-01918-300x200.jpg 300w, https:\/\/bocusedoritalyacademy.it\/wp-content\/uploads\/2025\/09\/BOC_2025_-_NicolasReynaud-01918-1024x683.jpg 1024w, https:\/\/bocusedoritalyacademy.it\/wp-content\/uploads\/2025\/09\/BOC_2025_-_NicolasReynaud-01918-768x512.jpg 768w\" sizes=\"(max-width: 1200px) 100vw, 1200px\" \/><\/div><\/a>\n\t\t\t\t<div class=\"elementor-post__text\">\n\t\t\t\t<h3 class=\"elementor-post__title\">\n\t\t\t<a href=\"https:\/\/bocusedoritalyacademy.it\/?p=246\" target=&quot;_blank&quot;>\n\t\t\t\tUn percorso che attraversa l\u2019Europa, Marsiglia capitale del gusto\t\t\t<\/a>\n\t\t<\/h3>\n\t\t\t\t<div class=\"elementor-post__excerpt\">\n\t\t\t<p>BOCUSE D\u2019OR EUROPA 2026: APPUNTAMENTO A MARSIGLIA IL 15 E 16 MARZO Il 15 e 16 marzo 2026, il Bocuse d\u2019Or Europa si svolger\u00e0 per la prima volta in Francia. Sar\u00e0 la citt\u00e0 di Marsiglia, metropoli mediterranea dal patrimonio culinario millenario, ad accogliere questa prestigiosa competizione al Parc Chanot, in occasione<\/p>\n\t\t<\/div>\n\t\t\t\t\t<div class=\"elementor-post__read-more-wrapper\">\n\t\t\n\t\t<a class=\"elementor-post__read-more\" href=\"https:\/\/bocusedoritalyacademy.it\/?p=246\" aria-label=\"Read more about Un percorso che attraversa l\u2019Europa, Marsiglia capitale del gusto\" tabindex=\"-1\" target=\"_blank\">\n\t\t\tcontinua ...\t\t<\/a>\n\n\t\t\t\t\t<\/div>\n\t\t\t\t<\/div>\n\t\t\t\t<div class=\"elementor-post__meta-data\">\n\t\t\t\t\t<span class=\"elementor-post-date\">\n\t\t\t9 September 2025\t\t<\/span>\n\t\t\t\t<span class=\"elementor-post-avatar\">\n\t\t\tNo Comments\t\t<\/span>\n\t\t\t\t<\/div>\n\t\t\t\t\t<\/div>\n\t\t<\/article>\n\t\t\t\t<article class=\"elementor-post elementor-grid-item post-242 post type-post status-publish format-standard hentry category-senza-categoria\" role=\"listitem\">\n\t\t\t<div class=\"elementor-post__card\">\n\t\t\t\t<div class=\"elementor-post__text\">\n\t\t\t\t<h3 class=\"elementor-post__title\">\n\t\t\t<a href=\"https:\/\/bocusedoritalyacademy.it\/?p=242\" target=&quot;_blank&quot;>\n\t\t\t\tFinale Europea Bocuse d\u2019Or 2026\t\t\t<\/a>\n\t\t<\/h3>\n\t\t\t\t<div class=\"elementor-post__excerpt\">\n\t\t\t<p>Siamo lieti di annunciarvi che la prossima edizione del Bocuse d&#8217;Or Europa si svolger\u00e0 per la prima volta in Francia. La citt\u00e0 di Marsiglia, metropoli mediterranea con un patrimonio culinario millenario, \u00e8 stata scelta per ospitare questa prestigiosa competizione al Parc Chanot, durante Sirha M\u00e9diterran\u00e9e.<\/p>\n\t\t<\/div>\n\t\t\t\t\t<div class=\"elementor-post__read-more-wrapper\">\n\t\t\n\t\t<a class=\"elementor-post__read-more\" href=\"https:\/\/bocusedoritalyacademy.it\/?p=242\" aria-label=\"Read more about Finale Europea Bocuse d\u2019Or 2026\" tabindex=\"-1\" target=\"_blank\">\n\t\t\tcontinua ...\t\t<\/a>\n\n\t\t\t\t\t<\/div>\n\t\t\t\t<\/div>\n\t\t\t\t<div class=\"elementor-post__meta-data\">\n\t\t\t\t\t<span class=\"elementor-post-date\">\n\t\t\t4 September 2025\t\t<\/span>\n\t\t\t\t<span class=\"elementor-post-avatar\">\n\t\t\tNo Comments\t\t<\/span>\n\t\t\t\t<\/div>\n\t\t\t\t\t<\/div>\n\t\t<\/article>\n\t\t\t\t<\/div>\n\t\t\n\t\t\t\t<div class=\"e-load-more-anchor\" data-page=\"1\" data-max-page=\"10\" data-next-page=\"https:\/\/bocusedoritalyacademy.it\/index.php?rest_route=%2Fwp%2Fv2%2Fpages%2F2646&#038;paged=2\"><\/div>\n\t\t\t\t<nav class=\"elementor-pagination\" aria-label=\"Pagination\">\n\t\t\t<span class=\"page-numbers prev\">&laquo; Precedente<\/span>\n<span aria-current=\"page\" class=\"page-numbers current\"><span class=\"elementor-screen-only\">Page<\/span>1<\/span>\n<a class=\"page-numbers\" href=\"https:\/\/bocusedoritalyacademy.it\/index.php\/?paged=2\"><span class=\"elementor-screen-only\">Page<\/span>2<\/a>\n<a class=\"page-numbers\" href=\"https:\/\/bocusedoritalyacademy.it\/index.php\/?paged=3\"><span class=\"elementor-screen-only\">Page<\/span>3<\/a>\n<a class=\"page-numbers\" href=\"https:\/\/bocusedoritalyacademy.it\/index.php\/?paged=4\"><span class=\"elementor-screen-only\">Page<\/span>4<\/a>\n<a class=\"page-numbers\" href=\"https:\/\/bocusedoritalyacademy.it\/index.php\/?paged=5\"><span class=\"elementor-screen-only\">Page<\/span>5<\/a>\n<a class=\"page-numbers next\" href=\"https:\/\/bocusedoritalyacademy.it\/index.php?rest_route=%2Fwp%2Fv2%2Fpages%2F2646&#038;paged=2\">Successivo &raquo;<\/a>\t\t<\/nav>\n\t\t\t\t\t\t<\/div>\n\t\t\t\t<\/div>\n\t\t\t\t\t<\/div>\n\t\t\t\t<\/div>\n\t\t\t\t<\/div>\n\t\t","protected":false},"excerpt":{"rendered":"<p>news ed eventi<\/p>\n","protected":false},"author":2,"featured_media":0,"parent":0,"menu_order":0,"comment_status":"closed","ping_status":"closed","template":"elementor_header_footer","meta":{"_acf_changed":false,"ngg_post_thumbnail":0,"footnotes":""},"class_list":["post-2646","page","type-page","status-publish","hentry"],"acf":[],"_links":{"self":[{"href":"https:\/\/bocusedoritalyacademy.it\/index.php?rest_route=\/wp\/v2\/pages\/2646","targetHints":{"allow":["GET"]}}],"collection":[{"href":"https:\/\/bocusedoritalyacademy.it\/index.php?rest_route=\/wp\/v2\/pages"}],"about":[{"href":"https:\/\/bocusedoritalyacademy.it\/index.php?rest_route=\/wp\/v2\/types\/page"}],"author":[{"embeddable":true,"href":"https:\/\/bocusedoritalyacademy.it\/index.php?rest_route=\/wp\/v2\/users\/2"}],"replies":[{"embeddable":true,"href":"https:\/\/bocusedoritalyacademy.it\/index.php?rest_route=%2Fwp%2Fv2%2Fcomments&post=2646"}],"version-history":[{"count":25,"href":"https:\/\/bocusedoritalyacademy.it\/index.php?rest_route=\/wp\/v2\/pages\/2646\/revisions"}],"predecessor-version":[{"id":3642,"href":"https:\/\/bocusedoritalyacademy.it\/index.php?rest_route=\/wp\/v2\/pages\/2646\/revisions\/3642"}],"wp:attachment":[{"href":"https:\/\/bocusedoritalyacademy.it\/index.php?rest_route=%2Fwp%2Fv2%2Fmedia&parent=2646"}],"curies":[{"name":"wp","href":"https:\/\/api.w.org\/{rel}","templated":true}]}}